{"id":1039,"date":"2024-02-16T19:53:23","date_gmt":"2024-02-16T17:53:23","guid":{"rendered":"https:\/\/enblanc.cat\/servicios\/ite-inspeccion-tecnica-de-edificios\/"},"modified":"2024-02-21T10:17:15","modified_gmt":"2024-02-21T08:17:15","slug":"ite-inspeccion-tecnica-de-edificios","status":"publish","type":"page","link":"https:\/\/enblanc.cat\/es\/servicios\/ite-inspeccion-tecnica-de-edificios\/","title":{"rendered":"ITE (Inspecci\u00f3n t\u00e9cnica de edificios)"},"content":{"rendered":"\n<h2 class=\"wp-block-heading\">\u00bfQu\u00e9 es una ITE?<\/h2>\n\n<p><span style=\"font-weight: 400;\">La <a href=\"http:\/\/Inspecci&#xF3; T&#xE8;cnica dels Edificis d&#x2019;habitatges (ITE)\">Inspecci\u00f3n T\u00e9cnica de los Edificios de viviendas (ITE)<\/a> consiste en una inspecci\u00f3n visual de los elementos comunes del edificio hecha por un t\u00e9cnico competente en base a la cual redacta el correspondiente Informe sobre el estado del edificio (IITE). El objetivo de la ITE es evaluar el estado de conservaci\u00f3n y mantenimiento del edificio para detectar, en su caso, posibles deficiencias. Posteriormente se emite un informe identificando las patolog\u00edas y dando las instrucciones necesarias para subsanar todos los desperfectos constructivos.<\/span><\/p>\n\n<p><span style=\"font-weight: 400;\">El informe ITE ser\u00e1 necesario, junto con el certificado energ\u00e9tico y la c\u00e9dula de habitabilidad, para proceder a la compra-venta o el alquiler de un inmueble, siempre y cuando en el momento de la transacci\u00f3n este se encuentre dentro de los periodos indicados para la realizaci\u00f3n del informe ITE.<\/span><\/p>\n\n<p><span style=\"font-weight: 400;\">&#13;\n<\/span><span style=\"font-weight: 400;\">El objetivo principal es fomentar la cultura del mantenimiento de los edificios de viviendas y facilitar a su Propiedad el conocimiento del estado en que se encuentran, as\u00ed como de las posibilidades de mejora, para que pueda programar las actuaciones y acordar la aportaci\u00f3n de los fondos necesarios para la rehabilitaci\u00f3n, conservaci\u00f3n y adecuaci\u00f3n de las viviendas a los requerimientos que regula la normativa vigente.<\/span><\/p>\n\n<p><span style=\"font-weight: 400;\">Se puede dar el caso que una vez realizada la inspecci\u00f3n t\u00e9cnica de su edificio se necesiten realizar obras de rehabilitaci\u00f3n. Desde EN BLANC arquitectura ofrecemos nuestro servicio t\u00e9cnico como arquitectos especialistas en <strong>rehabilitaci\u00f3n de edificios<\/strong>.<\/span><\/p>\n\n<div style=\"height:30px\" aria-hidden=\"true\" class=\"wp-block-spacer\"><\/div>\n\n<h2 class=\"wp-block-heading\">Procedimiento de la ITE en Catalu\u00f1a<\/h2>\n\n<p><span style=\"font-weight: 400;\">&#13;\n<\/span><span style=\"font-weight: 400;\">Peri\u00f3dicamente, la Agencia de l\u2018Habitatge de Catalunya env\u00eda cartas informativas a comunidades de vecinos o propietarios de edificios para recordarles\u00a0que tienen esta obligaci\u00f3n. Si es vuestro caso, a continuaci\u00f3n, te informamos del procedimiento a seguir.<\/span><\/p>\n\n<p><span style=\"font-weight: 400;\">&#13;\n<\/span><span style=\"font-weight: 400;\">Se tiene que encargar la realizaci\u00f3n de una\u00a0ITE\u00a0a un t\u00e9cnico competente (arquitecto, aparejador o arquitecto t\u00e9cnico) y pedir un presupuesto, puesto que los honorarios dependen de varias variables (n\u00famero de viviendas, tipos de edificio, etc.) y no hay un precio establecido.<\/span><\/p>\n\n<p><span style=\"font-weight: 400;\">Inspecci\u00f3n t\u00e9cnica visual de los elementos comunes del edificio, con la posibilidad de entrar al m\u00e1ximo n\u00famero de viviendas posibles.<\/span><span style=\"font-weight: 400;\">&#13;\n<\/span><\/p>\n\n<p><span style=\"font-weight: 400;\">Redacci\u00f3n del Informe de la Inspecci\u00f3n T\u00e9cnica del Edificio (IITE) por parte del mismo t\u00e9cnico. Desde este momento se disponen de 4 meses para tramitar la solicitud del Certificado de Aptitud (CA). Este tr\u00e1mite lo puede hacer el mismo t\u00e9cnico de la ITE siempre y cuando est\u00e9 autorizado.<\/span><\/p>\n\n<p><span style=\"font-weight: 400;\">Emisi\u00f3n del Certificado de Aptitud (CA) por parte de la Administraci\u00f3n.<\/span><\/p>\n\n<p><span style=\"font-weight: 400;\"> En funci\u00f3n del tipo de deficiencias del informe\u00a0IITE: la redacci\u00f3n de Informes de Verificaci\u00f3n por parte de un t\u00e9cnico que acrediten que el Certificado de aptitud mantiene su vigencia.<\/span><\/p>\n\n<p><span style=\"font-weight: 400;\">Si el edificio tiene deficiencias: elaboraci\u00f3n de un Programa de Rehabilitaci\u00f3n para su reparaci\u00f3n, supervisado por un t\u00e9cnico.<\/span><\/p>\n\n<p><span style=\"font-weight: 400;\">Formalizaci\u00f3n del Libro del Edificio por parte de la Propiedad.<\/span><\/p>\n\n<div style=\"height:30px\" aria-hidden=\"true\" class=\"wp-block-spacer\"><\/div>\n\n<h2 class=\"wp-block-heading\">\u00bfQu\u00e9 edificios tienen que pasar una ITE?<\/h2>\n\n<p><span style=\"font-weight: 400;\">La Inspecci\u00f3n T\u00e9cnica es obligatoria en los siguientes casos:<\/span><\/p>\n\n<ul class=\"wp-block-list\">\n<li><span style=\"font-weight: 400;\"><strong>Edificios plurifamiliares de viviendas y determinadas viviendas unifamiliares, todos ellos de m\u00e1s de 45 a\u00f1os de antig\u00fcedad.<\/strong> En cuanto a las viviendas unifamiliares est\u00e1n exentos de la inspecci\u00f3n aquellos que tengan su edificaci\u00f3n principal separada 1,5 metros o m\u00e1s de la v\u00eda p\u00fablica, de zonas de uso p\u00fablico y de las fincas adyacentes.<\/span><\/li>\n\n\n\n<li><span style=\"font-weight: 400;\">Edificios o viviendas de los edificios que se quieran acoger en programas p\u00fablicos de fomento de la rehabilitaci\u00f3n.<\/span><\/li>\n\n\n\n<li><span style=\"font-weight: 400;\">Cuando lo determinen los programas o las ordenanzas locales.<\/span><\/li>\n<\/ul>\n\n<div style=\"height:30px\" aria-hidden=\"true\" class=\"wp-block-spacer\"><\/div>\n\n<h2 class=\"wp-block-heading\">\u00bfCu\u00e1ndo se tiene que pasar la ITE?<\/h2>\n\n<p><span style=\"font-weight: 400;\">El Decreto fija unos plazos m\u00e1ximos para llevar a cabo la inspecci\u00f3n, con el calendario siguiente:<\/span><\/p>\n\n<p><b>Viviendas Plurifamiliares:<\/b><\/p>\n\n<figure class=\"wp-block-table\"><table><tbody><tr><td><i><span style=\"font-weight: 400;\">Antig\u00fcedad del edificio<\/span><\/i><\/td><td>Fecha tope<\/td><\/tr><tr><td>anteriores a 1950&#13;\nentre 1951 y 1960&#13;\nentre 1961 y 1971&#13;\na partir de 1971<\/td><td>31\/12\/2013&#13;\n31\/12\/2015&#13;\n31\/12\/2016&#13;\ncuando cumpla 45 a\u00f1os<\/td><\/tr><\/tbody><\/table><\/figure>\n\n<p><b>Viviendas Unifamiliares*:<\/b><\/p>\n\n<figure class=\"wp-block-table\"><table><tbody><tr><td>Antiguedad del edificio<\/td><td>Fecha tope<\/td><\/tr><tr><td>anteriores a 1900&#13;\nentre 1901 y 1930&#13;\nentre 1931 y 1950&#13;\nentre 1951 y 1960&#13;\nentre 1961 y 1975&#13;\na partir de 1975<\/td><td>31\/12\/2016&#13;\n31\/12\/2017&#13;\n31\/12\/2018&#13;\n31\/12\/2019&#13;\n31\/12\/2020&#13;\ncuando cumpla 45 a\u00f1os<\/td><\/tr><\/tbody><\/table><figcaption class=\"wp-element-caption\"><span style=\"font-weight: 400;\">&#13;\n<\/span><i><span style=\"font-weight: 400;\">*Las\u00a0viviendas unifamiliares que dispongan de c\u00e9dula de habitabilidad vigente en el momento de lograr los 45 a\u00f1os no tienen la obligaci\u00f3n de presentar el Informe de la inspecci\u00f3n t\u00e9cnica del edificio hasta la fecha en que caduque esta c\u00e9dula de habitabilidad.<\/span><\/i><\/figcaption><\/figure>\n\n<div style=\"height:30px\" aria-hidden=\"true\" class=\"wp-block-spacer\"><\/div>\n\n<h2 class=\"wp-block-heading\">\u00bfNecesitas una ITE?<\/h2>\n\n<p><span style=\"font-weight: 400;\">&#13;\n<\/span><span style=\"font-weight: 400;\">Si necesitas vender o alquilar tu vivienda, o pedir alguna subvenci\u00f3n, y no dispones de una\u00a0ITE\u00a0vigente, desde EN BLANC arquitectura te lo ponemos f\u00e1cil. Nos encargamos de realizar todas las gestiones y tr\u00e1mites necesarios para la obtenci\u00f3n del Certificado de Aptitud, desde la visita al inmueble hasta la emisi\u00f3n del informe. Disponemos de los medios y t\u00e9cnicos competentes para realizar todo el proceso de la\u00a0ITE\u00a0con rapidez y profesionalidad.<\/span><\/p>\n\n<p><span style=\"font-weight: 400;\">Tambi\u00e9n tramitamos otros documentos como la c\u00e9dula de habitabilidad o el certificado energ\u00e9tico, necesarios para la compra-venta de un inmueble.<\/span><\/p>\n\n<div style=\"height:10px\" aria-hidden=\"true\" class=\"wp-block-spacer\"><\/div>\n\n<p><strong>Cons\u00faltanos sin compromiso para mayor informaci\u00f3n y presupuesto, y preg\u00fantanos sobre nuestro\u00a0pack\u00a0pre-*ITE\u00a0+ Comparativo.<\/strong><\/p>\n\n<figure class=\"wp-block-image size-full is-resized\"><img fetchpriority=\"high\" decoding=\"async\" width=\"887\" height=\"593\" src=\"https:\/\/enblanc.cat\/wp-content\/uploads\/2024\/02\/serveis-ite2.jpg\" alt=\"\" class=\"wp-image-861\" style=\"width:666px;height:auto\" srcset=\"https:\/\/enblanc.cat\/wp-content\/uploads\/2024\/02\/serveis-ite2.jpg 887w, https:\/\/enblanc.cat\/wp-content\/uploads\/2024\/02\/serveis-ite2-300x201.jpg 300w, https:\/\/enblanc.cat\/wp-content\/uploads\/2024\/02\/serveis-ite2-768x513.jpg 768w\" sizes=\"(max-width: 887px) 100vw, 887px\" \/><\/figure>\n\n<div style=\"height:10px\" aria-hidden=\"true\" class=\"wp-block-spacer\"><\/div>\n\n<figure class=\"wp-block-image size-full is-resized\"><img decoding=\"async\" width=\"521\" height=\"72\" src=\"https:\/\/enblanc.cat\/wp-content\/uploads\/2024\/02\/serveis-logos-ite.jpg\" alt=\"\" class=\"wp-image-863\" style=\"width:395px;height:auto\" srcset=\"https:\/\/enblanc.cat\/wp-content\/uploads\/2024\/02\/serveis-logos-ite.jpg 521w, https:\/\/enblanc.cat\/wp-content\/uploads\/2024\/02\/serveis-logos-ite-300x41.jpg 300w\" sizes=\"(max-width: 521px) 100vw, 521px\" \/><\/figure>\n\n<p><\/p>\n","protected":false},"excerpt":{"rendered":"<p>\u00bfQu\u00e9 es una ITE? La Inspecci\u00f3n T\u00e9cnica de los Edificios de viviendas (ITE) consiste en una inspecci\u00f3n visual de los elementos comunes del edificio hecha por un t\u00e9cnico competente en base a la cual redacta el correspondiente Informe sobre el estado del edificio (IITE). El objetivo de la ITE es evaluar el estado de conservaci\u00f3n [&hellip;]<\/p>\n","protected":false},"author":1,"featured_media":0,"parent":708,"menu_order":0,"comment_status":"closed","ping_status":"closed","template":"","meta":{"_acf_changed":false,"footnotes":""},"class_list":["post-1039","page","type-page","status-publish","hentry"],"acf":[],"yoast_head":"<!-- This site is optimized with the Yoast SEO plugin v27.5 - https:\/\/yoast.com\/product\/yoast-seo-wordpress\/ -->\n<title>ITE (Inspecci\u00f3n t\u00e9cnica de edificios) - En Blanc Arquitectura<\/title>\n<meta name=\"robots\" content=\"index, follow, max-snippet:-1, max-image-preview:large, max-video-preview:-1\" \/>\n<link rel=\"canonical\" href=\"https:\/\/enblanc.cat\/es\/servicios\/ite-inspeccion-tecnica-de-edificios\/\" \/>\n<meta property=\"og:locale\" content=\"es_ES\" \/>\n<meta property=\"og:type\" content=\"article\" \/>\n<meta property=\"og:title\" content=\"ITE (Inspecci\u00f3n t\u00e9cnica de edificios) - En Blanc Arquitectura\" \/>\n<meta property=\"og:description\" content=\"\u00bfQu\u00e9 es una ITE? La Inspecci\u00f3n T\u00e9cnica de los Edificios de viviendas (ITE) consiste en una inspecci\u00f3n visual de los elementos comunes del edificio hecha por un t\u00e9cnico competente en base a la cual redacta el correspondiente Informe sobre el estado del edificio (IITE). El objetivo de la ITE es evaluar el estado de conservaci\u00f3n [&hellip;]\" \/>\n<meta property=\"og:url\" content=\"https:\/\/enblanc.cat\/es\/servicios\/ite-inspeccion-tecnica-de-edificios\/\" \/>\n<meta property=\"og:site_name\" content=\"En Blanc Arquitectura\" \/>\n<meta property=\"article:modified_time\" content=\"2024-02-21T08:17:15+00:00\" \/>\n<meta property=\"og:image\" content=\"https:\/\/enblanc.cat\/wp-content\/uploads\/2024\/02\/serveis-ite2.jpg\" \/>\n<meta name=\"twitter:card\" content=\"summary_large_image\" \/>\n<meta name=\"twitter:label1\" content=\"Tiempo de lectura\" \/>\n\t<meta name=\"twitter:data1\" content=\"4 minutos\" \/>\n<script type=\"application\/ld+json\" class=\"yoast-schema-graph\">{\"@context\":\"https:\\\/\\\/schema.org\",\"@graph\":[{\"@type\":\"WebPage\",\"@id\":\"https:\\\/\\\/enblanc.cat\\\/es\\\/servicios\\\/ite-inspeccion-tecnica-de-edificios\\\/\",\"url\":\"https:\\\/\\\/enblanc.cat\\\/es\\\/servicios\\\/ite-inspeccion-tecnica-de-edificios\\\/\",\"name\":\"ITE (Inspecci\u00f3n t\u00e9cnica de edificios) - En Blanc Arquitectura\",\"isPartOf\":{\"@id\":\"https:\\\/\\\/enblanc.cat\\\/#website\"},\"primaryImageOfPage\":{\"@id\":\"https:\\\/\\\/enblanc.cat\\\/es\\\/servicios\\\/ite-inspeccion-tecnica-de-edificios\\\/#primaryimage\"},\"image\":{\"@id\":\"https:\\\/\\\/enblanc.cat\\\/es\\\/servicios\\\/ite-inspeccion-tecnica-de-edificios\\\/#primaryimage\"},\"thumbnailUrl\":\"https:\\\/\\\/enblanc.cat\\\/wp-content\\\/uploads\\\/2024\\\/02\\\/serveis-ite2.jpg\",\"datePublished\":\"2024-02-16T17:53:23+00:00\",\"dateModified\":\"2024-02-21T08:17:15+00:00\",\"breadcrumb\":{\"@id\":\"https:\\\/\\\/enblanc.cat\\\/es\\\/servicios\\\/ite-inspeccion-tecnica-de-edificios\\\/#breadcrumb\"},\"inLanguage\":\"es\",\"potentialAction\":[{\"@type\":\"ReadAction\",\"target\":[\"https:\\\/\\\/enblanc.cat\\\/es\\\/servicios\\\/ite-inspeccion-tecnica-de-edificios\\\/\"]}]},{\"@type\":\"ImageObject\",\"inLanguage\":\"es\",\"@id\":\"https:\\\/\\\/enblanc.cat\\\/es\\\/servicios\\\/ite-inspeccion-tecnica-de-edificios\\\/#primaryimage\",\"url\":\"https:\\\/\\\/enblanc.cat\\\/wp-content\\\/uploads\\\/2024\\\/02\\\/serveis-ite2.jpg\",\"contentUrl\":\"https:\\\/\\\/enblanc.cat\\\/wp-content\\\/uploads\\\/2024\\\/02\\\/serveis-ite2.jpg\"},{\"@type\":\"BreadcrumbList\",\"@id\":\"https:\\\/\\\/enblanc.cat\\\/es\\\/servicios\\\/ite-inspeccion-tecnica-de-edificios\\\/#breadcrumb\",\"itemListElement\":[{\"@type\":\"ListItem\",\"position\":1,\"name\":\"Inici\",\"item\":\"https:\\\/\\\/enblanc.cat\\\/\"},{\"@type\":\"ListItem\",\"position\":2,\"name\":\"Servicios\",\"item\":\"https:\\\/\\\/enblanc.cat\\\/serveis\\\/\"},{\"@type\":\"ListItem\",\"position\":3,\"name\":\"ITE (Inspecci\u00f3n t\u00e9cnica de edificios)\"}]},{\"@type\":\"WebSite\",\"@id\":\"https:\\\/\\\/enblanc.cat\\\/#website\",\"url\":\"https:\\\/\\\/enblanc.cat\\\/\",\"name\":\"En Blanc Arquitectura\",\"description\":\"Constru\u00efm espais habitables\",\"publisher\":{\"@id\":\"https:\\\/\\\/enblanc.cat\\\/#organization\"},\"potentialAction\":[{\"@type\":\"SearchAction\",\"target\":{\"@type\":\"EntryPoint\",\"urlTemplate\":\"https:\\\/\\\/enblanc.cat\\\/?s={search_term_string}\"},\"query-input\":{\"@type\":\"PropertyValueSpecification\",\"valueRequired\":true,\"valueName\":\"search_term_string\"}}],\"inLanguage\":\"es\"},{\"@type\":\"Organization\",\"@id\":\"https:\\\/\\\/enblanc.cat\\\/#organization\",\"name\":\"En Blanc Arquitectura\",\"url\":\"https:\\\/\\\/enblanc.cat\\\/\",\"logo\":{\"@type\":\"ImageObject\",\"inLanguage\":\"es\",\"@id\":\"https:\\\/\\\/enblanc.cat\\\/#\\\/schema\\\/logo\\\/image\\\/\",\"url\":\"https:\\\/\\\/enblanc.cat\\\/wp-content\\\/uploads\\\/2024\\\/02\\\/logo-enblanc-arquitectura.svg\",\"contentUrl\":\"https:\\\/\\\/enblanc.cat\\\/wp-content\\\/uploads\\\/2024\\\/02\\\/logo-enblanc-arquitectura.svg\",\"width\":755,\"height\":241,\"caption\":\"En Blanc Arquitectura\"},\"image\":{\"@id\":\"https:\\\/\\\/enblanc.cat\\\/#\\\/schema\\\/logo\\\/image\\\/\"}}]}<\/script>\n<!-- \/ Yoast SEO plugin. -->","yoast_head_json":{"title":"ITE (Inspecci\u00f3n t\u00e9cnica de edificios) - En Blanc Arquitectura","robots":{"index":"index","follow":"follow","max-snippet":"max-snippet:-1","max-image-preview":"max-image-preview:large","max-video-preview":"max-video-preview:-1"},"canonical":"https:\/\/enblanc.cat\/es\/servicios\/ite-inspeccion-tecnica-de-edificios\/","og_locale":"es_ES","og_type":"article","og_title":"ITE (Inspecci\u00f3n t\u00e9cnica de edificios) - En Blanc Arquitectura","og_description":"\u00bfQu\u00e9 es una ITE? La Inspecci\u00f3n T\u00e9cnica de los Edificios de viviendas (ITE) consiste en una inspecci\u00f3n visual de los elementos comunes del edificio hecha por un t\u00e9cnico competente en base a la cual redacta el correspondiente Informe sobre el estado del edificio (IITE). El objetivo de la ITE es evaluar el estado de conservaci\u00f3n [&hellip;]","og_url":"https:\/\/enblanc.cat\/es\/servicios\/ite-inspeccion-tecnica-de-edificios\/","og_site_name":"En Blanc Arquitectura","article_modified_time":"2024-02-21T08:17:15+00:00","og_image":[{"url":"https:\/\/enblanc.cat\/wp-content\/uploads\/2024\/02\/serveis-ite2.jpg","type":"","width":"","height":""}],"twitter_card":"summary_large_image","twitter_misc":{"Tiempo de lectura":"4 minutos"},"schema":{"@context":"https:\/\/schema.org","@graph":[{"@type":"WebPage","@id":"https:\/\/enblanc.cat\/es\/servicios\/ite-inspeccion-tecnica-de-edificios\/","url":"https:\/\/enblanc.cat\/es\/servicios\/ite-inspeccion-tecnica-de-edificios\/","name":"ITE (Inspecci\u00f3n t\u00e9cnica de edificios) - En Blanc Arquitectura","isPartOf":{"@id":"https:\/\/enblanc.cat\/#website"},"primaryImageOfPage":{"@id":"https:\/\/enblanc.cat\/es\/servicios\/ite-inspeccion-tecnica-de-edificios\/#primaryimage"},"image":{"@id":"https:\/\/enblanc.cat\/es\/servicios\/ite-inspeccion-tecnica-de-edificios\/#primaryimage"},"thumbnailUrl":"https:\/\/enblanc.cat\/wp-content\/uploads\/2024\/02\/serveis-ite2.jpg","datePublished":"2024-02-16T17:53:23+00:00","dateModified":"2024-02-21T08:17:15+00:00","breadcrumb":{"@id":"https:\/\/enblanc.cat\/es\/servicios\/ite-inspeccion-tecnica-de-edificios\/#breadcrumb"},"inLanguage":"es","potentialAction":[{"@type":"ReadAction","target":["https:\/\/enblanc.cat\/es\/servicios\/ite-inspeccion-tecnica-de-edificios\/"]}]},{"@type":"ImageObject","inLanguage":"es","@id":"https:\/\/enblanc.cat\/es\/servicios\/ite-inspeccion-tecnica-de-edificios\/#primaryimage","url":"https:\/\/enblanc.cat\/wp-content\/uploads\/2024\/02\/serveis-ite2.jpg","contentUrl":"https:\/\/enblanc.cat\/wp-content\/uploads\/2024\/02\/serveis-ite2.jpg"},{"@type":"BreadcrumbList","@id":"https:\/\/enblanc.cat\/es\/servicios\/ite-inspeccion-tecnica-de-edificios\/#breadcrumb","itemListElement":[{"@type":"ListItem","position":1,"name":"Inici","item":"https:\/\/enblanc.cat\/"},{"@type":"ListItem","position":2,"name":"Servicios","item":"https:\/\/enblanc.cat\/serveis\/"},{"@type":"ListItem","position":3,"name":"ITE (Inspecci\u00f3n t\u00e9cnica de edificios)"}]},{"@type":"WebSite","@id":"https:\/\/enblanc.cat\/#website","url":"https:\/\/enblanc.cat\/","name":"En Blanc Arquitectura","description":"Constru\u00efm espais habitables","publisher":{"@id":"https:\/\/enblanc.cat\/#organization"},"potentialAction":[{"@type":"SearchAction","target":{"@type":"EntryPoint","urlTemplate":"https:\/\/enblanc.cat\/?s={search_term_string}"},"query-input":{"@type":"PropertyValueSpecification","valueRequired":true,"valueName":"search_term_string"}}],"inLanguage":"es"},{"@type":"Organization","@id":"https:\/\/enblanc.cat\/#organization","name":"En Blanc Arquitectura","url":"https:\/\/enblanc.cat\/","logo":{"@type":"ImageObject","inLanguage":"es","@id":"https:\/\/enblanc.cat\/#\/schema\/logo\/image\/","url":"https:\/\/enblanc.cat\/wp-content\/uploads\/2024\/02\/logo-enblanc-arquitectura.svg","contentUrl":"https:\/\/enblanc.cat\/wp-content\/uploads\/2024\/02\/logo-enblanc-arquitectura.svg","width":755,"height":241,"caption":"En Blanc Arquitectura"},"image":{"@id":"https:\/\/enblanc.cat\/#\/schema\/logo\/image\/"}}]}},"_links":{"self":[{"href":"https:\/\/enblanc.cat\/es\/wp-json\/wp\/v2\/pages\/1039","targetHints":{"allow":["GET"]}}],"collection":[{"href":"https:\/\/enblanc.cat\/es\/wp-json\/wp\/v2\/pages"}],"about":[{"href":"https:\/\/enblanc.cat\/es\/wp-json\/wp\/v2\/types\/page"}],"author":[{"embeddable":true,"href":"https:\/\/enblanc.cat\/es\/wp-json\/wp\/v2\/users\/1"}],"replies":[{"embeddable":true,"href":"https:\/\/enblanc.cat\/es\/wp-json\/wp\/v2\/comments?post=1039"}],"version-history":[{"count":1,"href":"https:\/\/enblanc.cat\/es\/wp-json\/wp\/v2\/pages\/1039\/revisions"}],"predecessor-version":[{"id":1040,"href":"https:\/\/enblanc.cat\/es\/wp-json\/wp\/v2\/pages\/1039\/revisions\/1040"}],"up":[{"embeddable":true,"href":"https:\/\/enblanc.cat\/es\/wp-json\/wp\/v2\/pages\/708"}],"wp:attachment":[{"href":"https:\/\/enblanc.cat\/es\/wp-json\/wp\/v2\/media?parent=1039"}],"curies":[{"name":"wp","href":"https:\/\/api.w.org\/{rel}","templated":true}]}}