{"id":1041,"date":"2024-01-30T10:10:21","date_gmt":"2024-01-30T08:10:21","guid":{"rendered":"https:\/\/enblanc.cat\/servicios\/proyectos-de-actividad\/"},"modified":"2024-02-21T10:19:11","modified_gmt":"2024-02-21T08:19:11","slug":"proyectos-de-actividad","status":"publish","type":"page","link":"https:\/\/enblanc.cat\/es\/servicios\/proyectos-de-actividad\/","title":{"rendered":"Proyectos de actividad"},"content":{"rendered":"\n<p><span style=\"font-weight: 400;\">Necesario cuando queremos poner en marcha un local comercial, donde se necesita una licencia municipal (Licencia de apertura) donde se acredite que el recinto cumple la normativa que le es de aplicaci\u00f3n. Para poder obtener esta licencia es necesario presentar previamente un \u201cproyecto de actividad\u201d, firmado por un t\u00e9cnico profesional acreditado.<\/span><\/p>\n\n<p><span style=\"font-weight: 400;\">Se aconseja un asesoramiento antes de la compra o alquiler del local, que pueda orientar sobre los requisitos t\u00e9cnicos y normativos que tendr\u00e1 que cumplir el recinto, puesto que depender\u00e1n del tipo de actividad que se desarrolle en \u00e9l.<\/span><\/p>\n\n<div style=\"height:30px\" aria-hidden=\"true\" class=\"wp-block-spacer\"><\/div>\n\n<h2 class=\"wp-block-heading\">Tipos de actividades<\/h2>\n\n<p><span style=\"font-weight: 400;\">Se requiere una documentaci\u00f3n diferente seg\u00fan la actividad que se quiera desarrollar al local, puesto que se tendr\u00e1 que justificar el cumplimiento de la normativa espec\u00edfica que regula el tipo de actividad a desarrollar.<\/span><\/p>\n\n<ul class=\"wp-block-list\">\n<li><b>Actividades Inocuas<\/b><span style=\"font-weight: 400;\">: de riesgo menor y sin muchas molestias a terceros. Oficinas, tiendas de ropa, peluquer\u00edas, peque\u00f1os comercios, despachos.<\/span><span style=\"font-weight: 400;\">&#13;\n<\/span><\/li>\n\n\n\n<li><b>Actividades cualificadas<\/b><span style=\"font-weight: 400;\">: con mayor riesgo y molestias a terceros. Con necesidad de adoptar medidas correctoras al local. Cafeter\u00edas, restaurantes, panader\u00edas, carnicer\u00edas, cl\u00ednicas dentales.<\/span><\/li>\n<\/ul>\n\n<div style=\"height:30px\" aria-hidden=\"true\" class=\"wp-block-spacer\"><\/div>\n\n<h2 class=\"wp-block-heading\"><b>Contenido del proyecto de actividad<\/b><\/h2>\n\n<p><span style=\"font-weight: 400;\">El proyecto de actividad recoge las normativas de aplicaci\u00f3n seg\u00fan el tipo de local o actividad a desarrollar. Estas normativas considerar\u00e1n los requerimientos del C\u00f3digo T\u00e9cnico de la Edificaci\u00f3n, normativa sectorial de incendios, C\u00f3digo de Accesibilidad,&#8230; as\u00ed como la propia normativa del municipio donde se desarrolla la actividad.<\/span><\/p>\n\n<p><span style=\"font-weight: 400;\">El proyecto incluye una memoria t\u00e9cnica y descriptiva, el presupuesto de ejecuci\u00f3n material, planos, estudio de seguridad, justificaci\u00f3n del cumplimiento normativo, entre otros.<\/span><\/p>\n\n<p><span style=\"font-weight: 400;\">La documentaci\u00f3n del proyecto de actividad variar\u00e1 en funci\u00f3n del tipo de actividad a desarrollar y de si el local requiere obres de adecuaci\u00f3n o no.<\/span><\/p>\n\n<div style=\"height:30px\" aria-hidden=\"true\" class=\"wp-block-spacer\"><\/div>\n\n<h2 class=\"wp-block-heading\"><b>Procedimiento del proyecto de actividad<\/b><\/h2>\n\n<ol class=\"wp-block-list\">\n<li><span style=\"font-weight: 400;\">Visita del t\u00e9cnico competente al local. Toma de datos.<\/span><\/li>\n\n\n\n<li><span style=\"font-weight: 400;\">Redacci\u00f3n del proyecto de actividad.<\/span><\/li>\n\n\n\n<li><span style=\"font-weight: 400;\">Certificados t\u00e9cnicos y de instalaciones.<\/span><\/li>\n\n\n\n<li><span style=\"font-weight: 400;\">Pago de las tasas municipales.<\/span><\/li>\n\n\n\n<li><span style=\"font-weight: 400;\">Visita e inspecci\u00f3n por los servicios t\u00e9cnicos del Ayuntamiento.<\/span><\/li>\n\n\n\n<li><span style=\"font-weight: 400;\">Obtenci\u00f3n de la licencia de la actividad.<\/span><\/li>\n<\/ol>\n","protected":false},"excerpt":{"rendered":"<p>Necesario cuando queremos poner en marcha un local comercial, donde se necesita una licencia municipal (Licencia de apertura) donde se acredite que el recinto cumple la normativa que le es de aplicaci\u00f3n. Para poder obtener esta licencia es necesario presentar previamente un \u201cproyecto de actividad\u201d, firmado por un t\u00e9cnico profesional acreditado. Se aconseja un asesoramiento [&hellip;]<\/p>\n","protected":false},"author":1,"featured_media":0,"parent":708,"menu_order":0,"comment_status":"closed","ping_status":"closed","template":"","meta":{"_acf_changed":false,"footnotes":""},"class_list":["post-1041","page","type-page","status-publish","hentry"],"acf":[],"yoast_head":"<!-- This site is optimized with the Yoast SEO plugin v27.5 - https:\/\/yoast.com\/product\/yoast-seo-wordpress\/ -->\n<title>Proyectos de actividad - En Blanc Arquitectura<\/title>\n<meta name=\"robots\" content=\"index, follow, max-snippet:-1, max-image-preview:large, max-video-preview:-1\" \/>\n<link rel=\"canonical\" href=\"https:\/\/enblanc.cat\/es\/servicios\/proyectos-de-actividad\/\" \/>\n<meta property=\"og:locale\" content=\"es_ES\" \/>\n<meta property=\"og:type\" content=\"article\" \/>\n<meta property=\"og:title\" content=\"Proyectos de actividad - En Blanc Arquitectura\" \/>\n<meta property=\"og:description\" content=\"Necesario cuando queremos poner en marcha un local comercial, donde se necesita una licencia municipal (Licencia de apertura) donde se acredite que el recinto cumple la normativa que le es de aplicaci\u00f3n. Para poder obtener esta licencia es necesario presentar previamente un \u201cproyecto de actividad\u201d, firmado por un t\u00e9cnico profesional acreditado. Se aconseja un asesoramiento [&hellip;]\" \/>\n<meta property=\"og:url\" content=\"https:\/\/enblanc.cat\/es\/servicios\/proyectos-de-actividad\/\" \/>\n<meta property=\"og:site_name\" content=\"En Blanc Arquitectura\" \/>\n<meta property=\"article:modified_time\" content=\"2024-02-21T08:19:11+00:00\" \/>\n<meta name=\"twitter:card\" content=\"summary_large_image\" \/>\n<meta name=\"twitter:label1\" content=\"Tiempo de lectura\" \/>\n\t<meta name=\"twitter:data1\" content=\"2 minutos\" \/>\n<script type=\"application\/ld+json\" class=\"yoast-schema-graph\">{\"@context\":\"https:\\\/\\\/schema.org\",\"@graph\":[{\"@type\":\"WebPage\",\"@id\":\"https:\\\/\\\/enblanc.cat\\\/es\\\/servicios\\\/proyectos-de-actividad\\\/\",\"url\":\"https:\\\/\\\/enblanc.cat\\\/es\\\/servicios\\\/proyectos-de-actividad\\\/\",\"name\":\"Proyectos de actividad - En Blanc Arquitectura\",\"isPartOf\":{\"@id\":\"https:\\\/\\\/enblanc.cat\\\/#website\"},\"datePublished\":\"2024-01-30T08:10:21+00:00\",\"dateModified\":\"2024-02-21T08:19:11+00:00\",\"breadcrumb\":{\"@id\":\"https:\\\/\\\/enblanc.cat\\\/es\\\/servicios\\\/proyectos-de-actividad\\\/#breadcrumb\"},\"inLanguage\":\"es\",\"potentialAction\":[{\"@type\":\"ReadAction\",\"target\":[\"https:\\\/\\\/enblanc.cat\\\/es\\\/servicios\\\/proyectos-de-actividad\\\/\"]}]},{\"@type\":\"BreadcrumbList\",\"@id\":\"https:\\\/\\\/enblanc.cat\\\/es\\\/servicios\\\/proyectos-de-actividad\\\/#breadcrumb\",\"itemListElement\":[{\"@type\":\"ListItem\",\"position\":1,\"name\":\"Inici\",\"item\":\"https:\\\/\\\/enblanc.cat\\\/\"},{\"@type\":\"ListItem\",\"position\":2,\"name\":\"Servicios\",\"item\":\"https:\\\/\\\/enblanc.cat\\\/serveis\\\/\"},{\"@type\":\"ListItem\",\"position\":3,\"name\":\"Proyectos de actividad\"}]},{\"@type\":\"WebSite\",\"@id\":\"https:\\\/\\\/enblanc.cat\\\/#website\",\"url\":\"https:\\\/\\\/enblanc.cat\\\/\",\"name\":\"En Blanc Arquitectura\",\"description\":\"Constru\u00efm espais habitables\",\"publisher\":{\"@id\":\"https:\\\/\\\/enblanc.cat\\\/#organization\"},\"potentialAction\":[{\"@type\":\"SearchAction\",\"target\":{\"@type\":\"EntryPoint\",\"urlTemplate\":\"https:\\\/\\\/enblanc.cat\\\/?s={search_term_string}\"},\"query-input\":{\"@type\":\"PropertyValueSpecification\",\"valueRequired\":true,\"valueName\":\"search_term_string\"}}],\"inLanguage\":\"es\"},{\"@type\":\"Organization\",\"@id\":\"https:\\\/\\\/enblanc.cat\\\/#organization\",\"name\":\"En Blanc Arquitectura\",\"url\":\"https:\\\/\\\/enblanc.cat\\\/\",\"logo\":{\"@type\":\"ImageObject\",\"inLanguage\":\"es\",\"@id\":\"https:\\\/\\\/enblanc.cat\\\/#\\\/schema\\\/logo\\\/image\\\/\",\"url\":\"https:\\\/\\\/enblanc.cat\\\/wp-content\\\/uploads\\\/2024\\\/02\\\/logo-enblanc-arquitectura.svg\",\"contentUrl\":\"https:\\\/\\\/enblanc.cat\\\/wp-content\\\/uploads\\\/2024\\\/02\\\/logo-enblanc-arquitectura.svg\",\"width\":755,\"height\":241,\"caption\":\"En Blanc Arquitectura\"},\"image\":{\"@id\":\"https:\\\/\\\/enblanc.cat\\\/#\\\/schema\\\/logo\\\/image\\\/\"}}]}<\/script>\n<!-- \/ Yoast SEO plugin. -->","yoast_head_json":{"title":"Proyectos de actividad - En Blanc Arquitectura","robots":{"index":"index","follow":"follow","max-snippet":"max-snippet:-1","max-image-preview":"max-image-preview:large","max-video-preview":"max-video-preview:-1"},"canonical":"https:\/\/enblanc.cat\/es\/servicios\/proyectos-de-actividad\/","og_locale":"es_ES","og_type":"article","og_title":"Proyectos de actividad - En Blanc Arquitectura","og_description":"Necesario cuando queremos poner en marcha un local comercial, donde se necesita una licencia municipal (Licencia de apertura) donde se acredite que el recinto cumple la normativa que le es de aplicaci\u00f3n. Para poder obtener esta licencia es necesario presentar previamente un \u201cproyecto de actividad\u201d, firmado por un t\u00e9cnico profesional acreditado. Se aconseja un asesoramiento [&hellip;]","og_url":"https:\/\/enblanc.cat\/es\/servicios\/proyectos-de-actividad\/","og_site_name":"En Blanc Arquitectura","article_modified_time":"2024-02-21T08:19:11+00:00","twitter_card":"summary_large_image","twitter_misc":{"Tiempo de lectura":"2 minutos"},"schema":{"@context":"https:\/\/schema.org","@graph":[{"@type":"WebPage","@id":"https:\/\/enblanc.cat\/es\/servicios\/proyectos-de-actividad\/","url":"https:\/\/enblanc.cat\/es\/servicios\/proyectos-de-actividad\/","name":"Proyectos de actividad - En Blanc Arquitectura","isPartOf":{"@id":"https:\/\/enblanc.cat\/#website"},"datePublished":"2024-01-30T08:10:21+00:00","dateModified":"2024-02-21T08:19:11+00:00","breadcrumb":{"@id":"https:\/\/enblanc.cat\/es\/servicios\/proyectos-de-actividad\/#breadcrumb"},"inLanguage":"es","potentialAction":[{"@type":"ReadAction","target":["https:\/\/enblanc.cat\/es\/servicios\/proyectos-de-actividad\/"]}]},{"@type":"BreadcrumbList","@id":"https:\/\/enblanc.cat\/es\/servicios\/proyectos-de-actividad\/#breadcrumb","itemListElement":[{"@type":"ListItem","position":1,"name":"Inici","item":"https:\/\/enblanc.cat\/"},{"@type":"ListItem","position":2,"name":"Servicios","item":"https:\/\/enblanc.cat\/serveis\/"},{"@type":"ListItem","position":3,"name":"Proyectos de actividad"}]},{"@type":"WebSite","@id":"https:\/\/enblanc.cat\/#website","url":"https:\/\/enblanc.cat\/","name":"En Blanc Arquitectura","description":"Constru\u00efm espais habitables","publisher":{"@id":"https:\/\/enblanc.cat\/#organization"},"potentialAction":[{"@type":"SearchAction","target":{"@type":"EntryPoint","urlTemplate":"https:\/\/enblanc.cat\/?s={search_term_string}"},"query-input":{"@type":"PropertyValueSpecification","valueRequired":true,"valueName":"search_term_string"}}],"inLanguage":"es"},{"@type":"Organization","@id":"https:\/\/enblanc.cat\/#organization","name":"En Blanc Arquitectura","url":"https:\/\/enblanc.cat\/","logo":{"@type":"ImageObject","inLanguage":"es","@id":"https:\/\/enblanc.cat\/#\/schema\/logo\/image\/","url":"https:\/\/enblanc.cat\/wp-content\/uploads\/2024\/02\/logo-enblanc-arquitectura.svg","contentUrl":"https:\/\/enblanc.cat\/wp-content\/uploads\/2024\/02\/logo-enblanc-arquitectura.svg","width":755,"height":241,"caption":"En Blanc Arquitectura"},"image":{"@id":"https:\/\/enblanc.cat\/#\/schema\/logo\/image\/"}}]}},"_links":{"self":[{"href":"https:\/\/enblanc.cat\/es\/wp-json\/wp\/v2\/pages\/1041","targetHints":{"allow":["GET"]}}],"collection":[{"href":"https:\/\/enblanc.cat\/es\/wp-json\/wp\/v2\/pages"}],"about":[{"href":"https:\/\/enblanc.cat\/es\/wp-json\/wp\/v2\/types\/page"}],"author":[{"embeddable":true,"href":"https:\/\/enblanc.cat\/es\/wp-json\/wp\/v2\/users\/1"}],"replies":[{"embeddable":true,"href":"https:\/\/enblanc.cat\/es\/wp-json\/wp\/v2\/comments?post=1041"}],"version-history":[{"count":1,"href":"https:\/\/enblanc.cat\/es\/wp-json\/wp\/v2\/pages\/1041\/revisions"}],"predecessor-version":[{"id":1042,"href":"https:\/\/enblanc.cat\/es\/wp-json\/wp\/v2\/pages\/1041\/revisions\/1042"}],"up":[{"embeddable":true,"href":"https:\/\/enblanc.cat\/es\/wp-json\/wp\/v2\/pages\/708"}],"wp:attachment":[{"href":"https:\/\/enblanc.cat\/es\/wp-json\/wp\/v2\/media?parent=1041"}],"curies":[{"name":"wp","href":"https:\/\/api.w.org\/{rel}","templated":true}]}}