{"id":1043,"date":"2024-02-16T19:44:57","date_gmt":"2024-02-16T17:44:57","guid":{"rendered":"https:\/\/enblanc.cat\/servicios\/proyectos-de-cambio-de-uso\/"},"modified":"2024-02-21T10:20:07","modified_gmt":"2024-02-21T08:20:07","slug":"proyectos-de-cambio-de-uso","status":"publish","type":"page","link":"https:\/\/enblanc.cat\/es\/servicios\/proyectos-de-cambio-de-uso\/","title":{"rendered":"Proyectos de cambio de uso"},"content":{"rendered":"\n<p><span style=\"font-weight: 400;\">Un proyecto de cambio de uso es necesario cuando se quiere cambiar el uso al que se destina una parte del edificio (local en planta baja o aparcamiento), para convertirlo en una vivienda o apartamento.<\/span><\/p>\n\n<p><span style=\"font-weight: 400;\">Es necesario verificar que el local cumple con los requisitos y es compatible con el cambio de uso a vivienda. En caso afirmativo, se tendr\u00e1 que tramitar en el ayuntamiento el proyecto de cambio de uso para obtener la correspondiente licencia de obra.<\/span><\/p>\n\n<div style=\"height:30px\" aria-hidden=\"true\" class=\"wp-block-spacer\"><\/div>\n\n<h2 class=\"wp-block-heading\">Procedimiento por un cambio de uso<\/h2>\n\n<ol class=\"wp-block-list\">\n<li><b>Estudio de viabilidad<\/b><span style=\"font-weight: 400;\">, para determinar si el cambio de uso es viable seg\u00fan la normativa local, la normativa de habitabilidad y las condiciones propias del edificio.<\/span><\/li>\n\n\n\n<li><b>Proyecto b\u00e1sico y ejecutivo<\/b><span style=\"font-weight: 400;\"> del cambio de uso. Elaboraci\u00f3n del dise\u00f1o, distribuciones, planos y memorias t\u00e9cnicas.<\/span><\/li>\n\n\n\n<li><b>Solicitud de la licencia<\/b><span style=\"font-weight: 400;\">, presentando el proyecto de cambio de uso al ayuntamiento para obtener los permisos correspondientes.<\/span><\/li>\n\n\n\n<li><b>Ejecuci\u00f3n de las obras<\/b><span style=\"font-weight: 400;\">, seg\u00fan las indicaciones del proyecto aprobado.<\/span><\/li>\n\n\n\n<li><b>Inspecci\u00f3n final por parte del ayuntamiento<\/b><span style=\"font-weight: 400;\">, certificado final de obra y c\u00e9dula de primera ocupaci\u00f3n. Elaboraci\u00f3n del certificado de eficiencia energ\u00e9tica y c\u00e9dula de habitabilidad.<\/span><\/li>\n\n\n\n<li><b>Inscripci\u00f3n del cambio de uso al catastro<\/b><span style=\"font-weight: 400;\">, para que el local quede correctamente registrado como vivienda.<\/span><\/li>\n<\/ol>\n","protected":false},"excerpt":{"rendered":"<p>Un proyecto de cambio de uso es necesario cuando se quiere cambiar el uso al que se destina una parte del edificio (local en planta baja o aparcamiento), para convertirlo en una vivienda o apartamento. Es necesario verificar que el local cumple con los requisitos y es compatible con el cambio de uso a vivienda. [&hellip;]<\/p>\n","protected":false},"author":1,"featured_media":0,"parent":708,"menu_order":0,"comment_status":"closed","ping_status":"closed","template":"","meta":{"_acf_changed":false,"footnotes":""},"class_list":["post-1043","page","type-page","status-publish","hentry"],"acf":[],"yoast_head":"<!-- This site is optimized with the Yoast SEO plugin v27.5 - https:\/\/yoast.com\/product\/yoast-seo-wordpress\/ -->\n<title>Proyectos de cambio de uso - En Blanc Arquitectura<\/title>\n<meta name=\"robots\" content=\"index, follow, max-snippet:-1, max-image-preview:large, max-video-preview:-1\" \/>\n<link rel=\"canonical\" href=\"https:\/\/enblanc.cat\/es\/servicios\/proyectos-de-cambio-de-uso\/\" \/>\n<meta property=\"og:locale\" content=\"es_ES\" \/>\n<meta property=\"og:type\" content=\"article\" \/>\n<meta property=\"og:title\" content=\"Proyectos de cambio de uso - En Blanc Arquitectura\" \/>\n<meta property=\"og:description\" content=\"Un proyecto de cambio de uso es necesario cuando se quiere cambiar el uso al que se destina una parte del edificio (local en planta baja o aparcamiento), para convertirlo en una vivienda o apartamento. Es necesario verificar que el local cumple con los requisitos y es compatible con el cambio de uso a vivienda. [&hellip;]\" \/>\n<meta property=\"og:url\" content=\"https:\/\/enblanc.cat\/es\/servicios\/proyectos-de-cambio-de-uso\/\" \/>\n<meta property=\"og:site_name\" content=\"En Blanc Arquitectura\" \/>\n<meta property=\"article:modified_time\" content=\"2024-02-21T08:20:07+00:00\" \/>\n<meta name=\"twitter:card\" content=\"summary_large_image\" \/>\n<meta name=\"twitter:label1\" content=\"Tiempo de lectura\" \/>\n\t<meta name=\"twitter:data1\" content=\"1 minuto\" \/>\n<script type=\"application\/ld+json\" class=\"yoast-schema-graph\">{\"@context\":\"https:\\\/\\\/schema.org\",\"@graph\":[{\"@type\":\"WebPage\",\"@id\":\"https:\\\/\\\/enblanc.cat\\\/es\\\/servicios\\\/proyectos-de-cambio-de-uso\\\/\",\"url\":\"https:\\\/\\\/enblanc.cat\\\/es\\\/servicios\\\/proyectos-de-cambio-de-uso\\\/\",\"name\":\"Proyectos de cambio de uso - En Blanc Arquitectura\",\"isPartOf\":{\"@id\":\"https:\\\/\\\/enblanc.cat\\\/#website\"},\"datePublished\":\"2024-02-16T17:44:57+00:00\",\"dateModified\":\"2024-02-21T08:20:07+00:00\",\"breadcrumb\":{\"@id\":\"https:\\\/\\\/enblanc.cat\\\/es\\\/servicios\\\/proyectos-de-cambio-de-uso\\\/#breadcrumb\"},\"inLanguage\":\"es\",\"potentialAction\":[{\"@type\":\"ReadAction\",\"target\":[\"https:\\\/\\\/enblanc.cat\\\/es\\\/servicios\\\/proyectos-de-cambio-de-uso\\\/\"]}]},{\"@type\":\"BreadcrumbList\",\"@id\":\"https:\\\/\\\/enblanc.cat\\\/es\\\/servicios\\\/proyectos-de-cambio-de-uso\\\/#breadcrumb\",\"itemListElement\":[{\"@type\":\"ListItem\",\"position\":1,\"name\":\"Inici\",\"item\":\"https:\\\/\\\/enblanc.cat\\\/\"},{\"@type\":\"ListItem\",\"position\":2,\"name\":\"Servicios\",\"item\":\"https:\\\/\\\/enblanc.cat\\\/serveis\\\/\"},{\"@type\":\"ListItem\",\"position\":3,\"name\":\"Proyectos de cambio de uso\"}]},{\"@type\":\"WebSite\",\"@id\":\"https:\\\/\\\/enblanc.cat\\\/#website\",\"url\":\"https:\\\/\\\/enblanc.cat\\\/\",\"name\":\"En Blanc Arquitectura\",\"description\":\"Constru\u00efm espais habitables\",\"publisher\":{\"@id\":\"https:\\\/\\\/enblanc.cat\\\/#organization\"},\"potentialAction\":[{\"@type\":\"SearchAction\",\"target\":{\"@type\":\"EntryPoint\",\"urlTemplate\":\"https:\\\/\\\/enblanc.cat\\\/?s={search_term_string}\"},\"query-input\":{\"@type\":\"PropertyValueSpecification\",\"valueRequired\":true,\"valueName\":\"search_term_string\"}}],\"inLanguage\":\"es\"},{\"@type\":\"Organization\",\"@id\":\"https:\\\/\\\/enblanc.cat\\\/#organization\",\"name\":\"En Blanc Arquitectura\",\"url\":\"https:\\\/\\\/enblanc.cat\\\/\",\"logo\":{\"@type\":\"ImageObject\",\"inLanguage\":\"es\",\"@id\":\"https:\\\/\\\/enblanc.cat\\\/#\\\/schema\\\/logo\\\/image\\\/\",\"url\":\"https:\\\/\\\/enblanc.cat\\\/wp-content\\\/uploads\\\/2024\\\/02\\\/logo-enblanc-arquitectura.svg\",\"contentUrl\":\"https:\\\/\\\/enblanc.cat\\\/wp-content\\\/uploads\\\/2024\\\/02\\\/logo-enblanc-arquitectura.svg\",\"width\":755,\"height\":241,\"caption\":\"En Blanc Arquitectura\"},\"image\":{\"@id\":\"https:\\\/\\\/enblanc.cat\\\/#\\\/schema\\\/logo\\\/image\\\/\"}}]}<\/script>\n<!-- \/ Yoast SEO plugin. -->","yoast_head_json":{"title":"Proyectos de cambio de uso - En Blanc Arquitectura","robots":{"index":"index","follow":"follow","max-snippet":"max-snippet:-1","max-image-preview":"max-image-preview:large","max-video-preview":"max-video-preview:-1"},"canonical":"https:\/\/enblanc.cat\/es\/servicios\/proyectos-de-cambio-de-uso\/","og_locale":"es_ES","og_type":"article","og_title":"Proyectos de cambio de uso - En Blanc Arquitectura","og_description":"Un proyecto de cambio de uso es necesario cuando se quiere cambiar el uso al que se destina una parte del edificio (local en planta baja o aparcamiento), para convertirlo en una vivienda o apartamento. Es necesario verificar que el local cumple con los requisitos y es compatible con el cambio de uso a vivienda. [&hellip;]","og_url":"https:\/\/enblanc.cat\/es\/servicios\/proyectos-de-cambio-de-uso\/","og_site_name":"En Blanc Arquitectura","article_modified_time":"2024-02-21T08:20:07+00:00","twitter_card":"summary_large_image","twitter_misc":{"Tiempo de lectura":"1 minuto"},"schema":{"@context":"https:\/\/schema.org","@graph":[{"@type":"WebPage","@id":"https:\/\/enblanc.cat\/es\/servicios\/proyectos-de-cambio-de-uso\/","url":"https:\/\/enblanc.cat\/es\/servicios\/proyectos-de-cambio-de-uso\/","name":"Proyectos de cambio de uso - En Blanc Arquitectura","isPartOf":{"@id":"https:\/\/enblanc.cat\/#website"},"datePublished":"2024-02-16T17:44:57+00:00","dateModified":"2024-02-21T08:20:07+00:00","breadcrumb":{"@id":"https:\/\/enblanc.cat\/es\/servicios\/proyectos-de-cambio-de-uso\/#breadcrumb"},"inLanguage":"es","potentialAction":[{"@type":"ReadAction","target":["https:\/\/enblanc.cat\/es\/servicios\/proyectos-de-cambio-de-uso\/"]}]},{"@type":"BreadcrumbList","@id":"https:\/\/enblanc.cat\/es\/servicios\/proyectos-de-cambio-de-uso\/#breadcrumb","itemListElement":[{"@type":"ListItem","position":1,"name":"Inici","item":"https:\/\/enblanc.cat\/"},{"@type":"ListItem","position":2,"name":"Servicios","item":"https:\/\/enblanc.cat\/serveis\/"},{"@type":"ListItem","position":3,"name":"Proyectos de cambio de uso"}]},{"@type":"WebSite","@id":"https:\/\/enblanc.cat\/#website","url":"https:\/\/enblanc.cat\/","name":"En Blanc Arquitectura","description":"Constru\u00efm espais habitables","publisher":{"@id":"https:\/\/enblanc.cat\/#organization"},"potentialAction":[{"@type":"SearchAction","target":{"@type":"EntryPoint","urlTemplate":"https:\/\/enblanc.cat\/?s={search_term_string}"},"query-input":{"@type":"PropertyValueSpecification","valueRequired":true,"valueName":"search_term_string"}}],"inLanguage":"es"},{"@type":"Organization","@id":"https:\/\/enblanc.cat\/#organization","name":"En Blanc Arquitectura","url":"https:\/\/enblanc.cat\/","logo":{"@type":"ImageObject","inLanguage":"es","@id":"https:\/\/enblanc.cat\/#\/schema\/logo\/image\/","url":"https:\/\/enblanc.cat\/wp-content\/uploads\/2024\/02\/logo-enblanc-arquitectura.svg","contentUrl":"https:\/\/enblanc.cat\/wp-content\/uploads\/2024\/02\/logo-enblanc-arquitectura.svg","width":755,"height":241,"caption":"En Blanc Arquitectura"},"image":{"@id":"https:\/\/enblanc.cat\/#\/schema\/logo\/image\/"}}]}},"_links":{"self":[{"href":"https:\/\/enblanc.cat\/es\/wp-json\/wp\/v2\/pages\/1043","targetHints":{"allow":["GET"]}}],"collection":[{"href":"https:\/\/enblanc.cat\/es\/wp-json\/wp\/v2\/pages"}],"about":[{"href":"https:\/\/enblanc.cat\/es\/wp-json\/wp\/v2\/types\/page"}],"author":[{"embeddable":true,"href":"https:\/\/enblanc.cat\/es\/wp-json\/wp\/v2\/users\/1"}],"replies":[{"embeddable":true,"href":"https:\/\/enblanc.cat\/es\/wp-json\/wp\/v2\/comments?post=1043"}],"version-history":[{"count":1,"href":"https:\/\/enblanc.cat\/es\/wp-json\/wp\/v2\/pages\/1043\/revisions"}],"predecessor-version":[{"id":1044,"href":"https:\/\/enblanc.cat\/es\/wp-json\/wp\/v2\/pages\/1043\/revisions\/1044"}],"up":[{"embeddable":true,"href":"https:\/\/enblanc.cat\/es\/wp-json\/wp\/v2\/pages\/708"}],"wp:attachment":[{"href":"https:\/\/enblanc.cat\/es\/wp-json\/wp\/v2\/media?parent=1043"}],"curies":[{"name":"wp","href":"https:\/\/api.w.org\/{rel}","templated":true}]}}