{"id":1045,"date":"2024-02-16T19:45:54","date_gmt":"2024-02-16T17:45:54","guid":{"rendered":"https:\/\/enblanc.cat\/servicios\/rehabilitacion-energetica-next-generation\/"},"modified":"2024-02-16T19:45:54","modified_gmt":"2024-02-16T17:45:54","slug":"rehabilitacion-energetica-next-generation","status":"publish","type":"page","link":"https:\/\/enblanc.cat\/es\/servicios\/rehabilitacion-energetica-next-generation\/","title":{"rendered":"Rehabilitaci\u00f3n energ\u00e9tica (next generation)"},"content":{"rendered":"<ul>\n<li><span style=\"font-weight: 400;\">ITE + Certificado Energ\u00e9tico Estado Inicial.<\/span><\/li>\n<li><span style=\"font-weight: 400;\">Proyecto t\u00e9cnico de Rehabilitaci\u00f3n <\/span><i><span style=\"font-weight: 400;\">Next Generation.<\/span><\/i><\/li>\n<li><span style=\"font-weight: 400;\">Gesti\u00f3n de las subvenciones de los fondos <\/span><i><span style=\"font-weight: 400;\">Next Generation<\/span><\/i><span style=\"font-weight: 400;\">.<\/span><\/li>\n<li><span style=\"font-weight: 400;\">Libro del edificio.<\/span><\/li>\n<\/ul>\n","protected":false},"excerpt":{"rendered":"<p>ITE + Certificado Energ\u00e9tico Estado Inicial. Proyecto t\u00e9cnico de Rehabilitaci\u00f3n Next Generation. Gesti\u00f3n de las subvenciones de los fondos Next Generation. Libro del edificio.<\/p>\n","protected":false},"author":1,"featured_media":0,"parent":708,"menu_order":0,"comment_status":"closed","ping_status":"closed","template":"","meta":{"_acf_changed":false,"footnotes":""},"class_list":["post-1045","page","type-page","status-publish","hentry"],"acf":[],"yoast_head":"<!-- This site is optimized with the Yoast SEO plugin v27.4 - https:\/\/yoast.com\/product\/yoast-seo-wordpress\/ -->\n<title>Rehabilitaci\u00f3n energ\u00e9tica (next generation) - En Blanc Arquitectura<\/title>\n<meta name=\"robots\" content=\"index, follow, max-snippet:-1, max-image-preview:large, max-video-preview:-1\" \/>\n<link rel=\"canonical\" href=\"https:\/\/enblanc.cat\/servicios\/rehabilitacion-energetica-next-generation\/\" \/>\n<meta property=\"og:locale\" content=\"es_ES\" \/>\n<meta property=\"og:type\" content=\"article\" \/>\n<meta property=\"og:title\" content=\"Rehabilitaci\u00f3n energ\u00e9tica (next generation) - En Blanc Arquitectura\" \/>\n<meta property=\"og:description\" content=\"ITE + Certificado Energ\u00e9tico Estado Inicial. Proyecto t\u00e9cnico de Rehabilitaci\u00f3n Next Generation. Gesti\u00f3n de las subvenciones de los fondos Next Generation. Libro del edificio.\" \/>\n<meta property=\"og:url\" content=\"https:\/\/enblanc.cat\/servicios\/rehabilitacion-energetica-next-generation\/\" \/>\n<meta property=\"og:site_name\" content=\"En Blanc Arquitectura\" \/>\n<meta name=\"twitter:card\" content=\"summary_large_image\" \/>\n<script type=\"application\/ld+json\" class=\"yoast-schema-graph\">{\"@context\":\"https:\\\/\\\/schema.org\",\"@graph\":[{\"@type\":\"WebPage\",\"@id\":\"https:\\\/\\\/enblanc.cat\\\/servicios\\\/rehabilitacion-energetica-next-generation\\\/\",\"url\":\"https:\\\/\\\/enblanc.cat\\\/servicios\\\/rehabilitacion-energetica-next-generation\\\/\",\"name\":\"Rehabilitaci\u00f3n energ\u00e9tica (next generation) - En Blanc Arquitectura\",\"isPartOf\":{\"@id\":\"https:\\\/\\\/enblanc.cat\\\/#website\"},\"datePublished\":\"2024-02-16T17:45:54+00:00\",\"breadcrumb\":{\"@id\":\"https:\\\/\\\/enblanc.cat\\\/servicios\\\/rehabilitacion-energetica-next-generation\\\/#breadcrumb\"},\"inLanguage\":\"es\",\"potentialAction\":[{\"@type\":\"ReadAction\",\"target\":[\"https:\\\/\\\/enblanc.cat\\\/servicios\\\/rehabilitacion-energetica-next-generation\\\/\"]}]},{\"@type\":\"BreadcrumbList\",\"@id\":\"https:\\\/\\\/enblanc.cat\\\/servicios\\\/rehabilitacion-energetica-next-generation\\\/#breadcrumb\",\"itemListElement\":[{\"@type\":\"ListItem\",\"position\":1,\"name\":\"Inici\",\"item\":\"https:\\\/\\\/enblanc.cat\\\/\"},{\"@type\":\"ListItem\",\"position\":2,\"name\":\"Servicios\",\"item\":\"https:\\\/\\\/enblanc.cat\\\/serveis\\\/\"},{\"@type\":\"ListItem\",\"position\":3,\"name\":\"Rehabilitaci\u00f3n energ\u00e9tica (next generation)\"}]},{\"@type\":\"WebSite\",\"@id\":\"https:\\\/\\\/enblanc.cat\\\/#website\",\"url\":\"https:\\\/\\\/enblanc.cat\\\/\",\"name\":\"En Blanc Arquitectura\",\"description\":\"Constru\u00efm espais habitables\",\"publisher\":{\"@id\":\"https:\\\/\\\/enblanc.cat\\\/#organization\"},\"potentialAction\":[{\"@type\":\"SearchAction\",\"target\":{\"@type\":\"EntryPoint\",\"urlTemplate\":\"https:\\\/\\\/enblanc.cat\\\/?s={search_term_string}\"},\"query-input\":{\"@type\":\"PropertyValueSpecification\",\"valueRequired\":true,\"valueName\":\"search_term_string\"}}],\"inLanguage\":\"es\"},{\"@type\":\"Organization\",\"@id\":\"https:\\\/\\\/enblanc.cat\\\/#organization\",\"name\":\"En Blanc Arquitectura\",\"url\":\"https:\\\/\\\/enblanc.cat\\\/\",\"logo\":{\"@type\":\"ImageObject\",\"inLanguage\":\"es\",\"@id\":\"https:\\\/\\\/enblanc.cat\\\/#\\\/schema\\\/logo\\\/image\\\/\",\"url\":\"https:\\\/\\\/enblanc.cat\\\/wp-content\\\/uploads\\\/2024\\\/02\\\/logo-enblanc-arquitectura.svg\",\"contentUrl\":\"https:\\\/\\\/enblanc.cat\\\/wp-content\\\/uploads\\\/2024\\\/02\\\/logo-enblanc-arquitectura.svg\",\"width\":755,\"height\":241,\"caption\":\"En Blanc Arquitectura\"},\"image\":{\"@id\":\"https:\\\/\\\/enblanc.cat\\\/#\\\/schema\\\/logo\\\/image\\\/\"}}]}<\/script>\n<!-- \/ Yoast SEO plugin. -->","yoast_head_json":{"title":"Rehabilitaci\u00f3n energ\u00e9tica (next generation) - En Blanc Arquitectura","robots":{"index":"index","follow":"follow","max-snippet":"max-snippet:-1","max-image-preview":"max-image-preview:large","max-video-preview":"max-video-preview:-1"},"canonical":"https:\/\/enblanc.cat\/servicios\/rehabilitacion-energetica-next-generation\/","og_locale":"es_ES","og_type":"article","og_title":"Rehabilitaci\u00f3n energ\u00e9tica (next generation) - En Blanc Arquitectura","og_description":"ITE + Certificado Energ\u00e9tico Estado Inicial. Proyecto t\u00e9cnico de Rehabilitaci\u00f3n Next Generation. Gesti\u00f3n de las subvenciones de los fondos Next Generation. Libro del edificio.","og_url":"https:\/\/enblanc.cat\/servicios\/rehabilitacion-energetica-next-generation\/","og_site_name":"En Blanc Arquitectura","twitter_card":"summary_large_image","schema":{"@context":"https:\/\/schema.org","@graph":[{"@type":"WebPage","@id":"https:\/\/enblanc.cat\/servicios\/rehabilitacion-energetica-next-generation\/","url":"https:\/\/enblanc.cat\/servicios\/rehabilitacion-energetica-next-generation\/","name":"Rehabilitaci\u00f3n energ\u00e9tica (next generation) - En Blanc Arquitectura","isPartOf":{"@id":"https:\/\/enblanc.cat\/#website"},"datePublished":"2024-02-16T17:45:54+00:00","breadcrumb":{"@id":"https:\/\/enblanc.cat\/servicios\/rehabilitacion-energetica-next-generation\/#breadcrumb"},"inLanguage":"es","potentialAction":[{"@type":"ReadAction","target":["https:\/\/enblanc.cat\/servicios\/rehabilitacion-energetica-next-generation\/"]}]},{"@type":"BreadcrumbList","@id":"https:\/\/enblanc.cat\/servicios\/rehabilitacion-energetica-next-generation\/#breadcrumb","itemListElement":[{"@type":"ListItem","position":1,"name":"Inici","item":"https:\/\/enblanc.cat\/"},{"@type":"ListItem","position":2,"name":"Servicios","item":"https:\/\/enblanc.cat\/serveis\/"},{"@type":"ListItem","position":3,"name":"Rehabilitaci\u00f3n energ\u00e9tica (next generation)"}]},{"@type":"WebSite","@id":"https:\/\/enblanc.cat\/#website","url":"https:\/\/enblanc.cat\/","name":"En Blanc Arquitectura","description":"Constru\u00efm espais habitables","publisher":{"@id":"https:\/\/enblanc.cat\/#organization"},"potentialAction":[{"@type":"SearchAction","target":{"@type":"EntryPoint","urlTemplate":"https:\/\/enblanc.cat\/?s={search_term_string}"},"query-input":{"@type":"PropertyValueSpecification","valueRequired":true,"valueName":"search_term_string"}}],"inLanguage":"es"},{"@type":"Organization","@id":"https:\/\/enblanc.cat\/#organization","name":"En Blanc Arquitectura","url":"https:\/\/enblanc.cat\/","logo":{"@type":"ImageObject","inLanguage":"es","@id":"https:\/\/enblanc.cat\/#\/schema\/logo\/image\/","url":"https:\/\/enblanc.cat\/wp-content\/uploads\/2024\/02\/logo-enblanc-arquitectura.svg","contentUrl":"https:\/\/enblanc.cat\/wp-content\/uploads\/2024\/02\/logo-enblanc-arquitectura.svg","width":755,"height":241,"caption":"En Blanc Arquitectura"},"image":{"@id":"https:\/\/enblanc.cat\/#\/schema\/logo\/image\/"}}]}},"_links":{"self":[{"href":"https:\/\/enblanc.cat\/es\/wp-json\/wp\/v2\/pages\/1045","targetHints":{"allow":["GET"]}}],"collection":[{"href":"https:\/\/enblanc.cat\/es\/wp-json\/wp\/v2\/pages"}],"about":[{"href":"https:\/\/enblanc.cat\/es\/wp-json\/wp\/v2\/types\/page"}],"author":[{"embeddable":true,"href":"https:\/\/enblanc.cat\/es\/wp-json\/wp\/v2\/users\/1"}],"replies":[{"embeddable":true,"href":"https:\/\/enblanc.cat\/es\/wp-json\/wp\/v2\/comments?post=1045"}],"version-history":[{"count":0,"href":"https:\/\/enblanc.cat\/es\/wp-json\/wp\/v2\/pages\/1045\/revisions"}],"up":[{"embeddable":true,"href":"https:\/\/enblanc.cat\/es\/wp-json\/wp\/v2\/pages\/708"}],"wp:attachment":[{"href":"https:\/\/enblanc.cat\/es\/wp-json\/wp\/v2\/media?parent=1045"}],"curies":[{"name":"wp","href":"https:\/\/api.w.org\/{rel}","templated":true}]}}