{"id":705,"date":"2024-01-30T10:10:14","date_gmt":"2024-01-30T08:10:14","guid":{"rendered":"https:\/\/enblanc.cat\/politica-de-cookies\/"},"modified":"2024-02-21T09:37:07","modified_gmt":"2024-02-21T07:37:07","slug":"politica-de-cookies","status":"publish","type":"page","link":"https:\/\/enblanc.cat\/es\/politica-de-cookies\/","title":{"rendered":"Pol\u00edtica de cookies"},"content":{"rendered":"La regi\u00f3n EU no est\u00e1 activada para cookie-statement.\n","protected":false},"excerpt":{"rendered":"","protected":false},"author":1,"featured_media":0,"parent":0,"menu_order":0,"comment_status":"closed","ping_status":"closed","template":"","meta":{"_acf_changed":false,"footnotes":""},"class_list":["post-705","page","type-page","status-publish","hentry"],"acf":[],"yoast_head":"<!-- This site is optimized with the Yoast SEO plugin v27.5 - https:\/\/yoast.com\/product\/yoast-seo-wordpress\/ -->\n<title>Pol\u00edtica de cookies - En Blanc Arquitectura<\/title>\n<meta name=\"robots\" content=\"index, follow, max-snippet:-1, max-image-preview:large, max-video-preview:-1\" \/>\n<link rel=\"canonical\" href=\"https:\/\/enblanc.cat\/es\/politica-de-cookies\/\" \/>\n<meta property=\"og:locale\" content=\"es_ES\" \/>\n<meta property=\"og:type\" content=\"article\" \/>\n<meta property=\"og:title\" content=\"Pol\u00edtica de cookies - En Blanc Arquitectura\" \/>\n<meta property=\"og:url\" content=\"https:\/\/enblanc.cat\/es\/politica-de-cookies\/\" \/>\n<meta property=\"og:site_name\" content=\"En Blanc Arquitectura\" \/>\n<meta property=\"article:modified_time\" content=\"2024-02-21T07:37:07+00:00\" \/>\n<meta name=\"twitter:card\" content=\"summary_large_image\" \/>\n<script type=\"application\/ld+json\" class=\"yoast-schema-graph\">{\"@context\":\"https:\\\/\\\/schema.org\",\"@graph\":[{\"@type\":\"WebPage\",\"@id\":\"https:\\\/\\\/enblanc.cat\\\/es\\\/politica-de-cookies\\\/\",\"url\":\"https:\\\/\\\/enblanc.cat\\\/es\\\/politica-de-cookies\\\/\",\"name\":\"Pol\u00edtica de cookies - En Blanc Arquitectura\",\"isPartOf\":{\"@id\":\"https:\\\/\\\/enblanc.cat\\\/#website\"},\"datePublished\":\"2024-01-30T08:10:14+00:00\",\"dateModified\":\"2024-02-21T07:37:07+00:00\",\"breadcrumb\":{\"@id\":\"https:\\\/\\\/enblanc.cat\\\/es\\\/politica-de-cookies\\\/#breadcrumb\"},\"inLanguage\":\"es\",\"potentialAction\":[{\"@type\":\"ReadAction\",\"target\":[\"https:\\\/\\\/enblanc.cat\\\/es\\\/politica-de-cookies\\\/\"]}]},{\"@type\":\"BreadcrumbList\",\"@id\":\"https:\\\/\\\/enblanc.cat\\\/es\\\/politica-de-cookies\\\/#breadcrumb\",\"itemListElement\":[{\"@type\":\"ListItem\",\"position\":1,\"name\":\"Inici\",\"item\":\"https:\\\/\\\/enblanc.cat\\\/\"},{\"@type\":\"ListItem\",\"position\":2,\"name\":\"Pol\u00edtica de cookies\"}]},{\"@type\":\"WebSite\",\"@id\":\"https:\\\/\\\/enblanc.cat\\\/#website\",\"url\":\"https:\\\/\\\/enblanc.cat\\\/\",\"name\":\"En Blanc Arquitectura\",\"description\":\"Constru\u00efm espais habitables\",\"publisher\":{\"@id\":\"https:\\\/\\\/enblanc.cat\\\/#organization\"},\"potentialAction\":[{\"@type\":\"SearchAction\",\"target\":{\"@type\":\"EntryPoint\",\"urlTemplate\":\"https:\\\/\\\/enblanc.cat\\\/?s={search_term_string}\"},\"query-input\":{\"@type\":\"PropertyValueSpecification\",\"valueRequired\":true,\"valueName\":\"search_term_string\"}}],\"inLanguage\":\"es\"},{\"@type\":\"Organization\",\"@id\":\"https:\\\/\\\/enblanc.cat\\\/#organization\",\"name\":\"En Blanc Arquitectura\",\"url\":\"https:\\\/\\\/enblanc.cat\\\/\",\"logo\":{\"@type\":\"ImageObject\",\"inLanguage\":\"es\",\"@id\":\"https:\\\/\\\/enblanc.cat\\\/#\\\/schema\\\/logo\\\/image\\\/\",\"url\":\"https:\\\/\\\/enblanc.cat\\\/wp-content\\\/uploads\\\/2024\\\/02\\\/logo-enblanc-arquitectura.svg\",\"contentUrl\":\"https:\\\/\\\/enblanc.cat\\\/wp-content\\\/uploads\\\/2024\\\/02\\\/logo-enblanc-arquitectura.svg\",\"width\":755,\"height\":241,\"caption\":\"En Blanc Arquitectura\"},\"image\":{\"@id\":\"https:\\\/\\\/enblanc.cat\\\/#\\\/schema\\\/logo\\\/image\\\/\"}}]}<\/script>\n<!-- \/ Yoast SEO plugin. -->","yoast_head_json":{"title":"Pol\u00edtica de cookies - En Blanc Arquitectura","robots":{"index":"index","follow":"follow","max-snippet":"max-snippet:-1","max-image-preview":"max-image-preview:large","max-video-preview":"max-video-preview:-1"},"canonical":"https:\/\/enblanc.cat\/es\/politica-de-cookies\/","og_locale":"es_ES","og_type":"article","og_title":"Pol\u00edtica de cookies - En Blanc Arquitectura","og_url":"https:\/\/enblanc.cat\/es\/politica-de-cookies\/","og_site_name":"En Blanc Arquitectura","article_modified_time":"2024-02-21T07:37:07+00:00","twitter_card":"summary_large_image","schema":{"@context":"https:\/\/schema.org","@graph":[{"@type":"WebPage","@id":"https:\/\/enblanc.cat\/es\/politica-de-cookies\/","url":"https:\/\/enblanc.cat\/es\/politica-de-cookies\/","name":"Pol\u00edtica de cookies - En Blanc Arquitectura","isPartOf":{"@id":"https:\/\/enblanc.cat\/#website"},"datePublished":"2024-01-30T08:10:14+00:00","dateModified":"2024-02-21T07:37:07+00:00","breadcrumb":{"@id":"https:\/\/enblanc.cat\/es\/politica-de-cookies\/#breadcrumb"},"inLanguage":"es","potentialAction":[{"@type":"ReadAction","target":["https:\/\/enblanc.cat\/es\/politica-de-cookies\/"]}]},{"@type":"BreadcrumbList","@id":"https:\/\/enblanc.cat\/es\/politica-de-cookies\/#breadcrumb","itemListElement":[{"@type":"ListItem","position":1,"name":"Inici","item":"https:\/\/enblanc.cat\/"},{"@type":"ListItem","position":2,"name":"Pol\u00edtica de cookies"}]},{"@type":"WebSite","@id":"https:\/\/enblanc.cat\/#website","url":"https:\/\/enblanc.cat\/","name":"En Blanc Arquitectura","description":"Constru\u00efm espais habitables","publisher":{"@id":"https:\/\/enblanc.cat\/#organization"},"potentialAction":[{"@type":"SearchAction","target":{"@type":"EntryPoint","urlTemplate":"https:\/\/enblanc.cat\/?s={search_term_string}"},"query-input":{"@type":"PropertyValueSpecification","valueRequired":true,"valueName":"search_term_string"}}],"inLanguage":"es"},{"@type":"Organization","@id":"https:\/\/enblanc.cat\/#organization","name":"En Blanc Arquitectura","url":"https:\/\/enblanc.cat\/","logo":{"@type":"ImageObject","inLanguage":"es","@id":"https:\/\/enblanc.cat\/#\/schema\/logo\/image\/","url":"https:\/\/enblanc.cat\/wp-content\/uploads\/2024\/02\/logo-enblanc-arquitectura.svg","contentUrl":"https:\/\/enblanc.cat\/wp-content\/uploads\/2024\/02\/logo-enblanc-arquitectura.svg","width":755,"height":241,"caption":"En Blanc Arquitectura"},"image":{"@id":"https:\/\/enblanc.cat\/#\/schema\/logo\/image\/"}}]}},"_links":{"self":[{"href":"https:\/\/enblanc.cat\/es\/wp-json\/wp\/v2\/pages\/705","targetHints":{"allow":["GET"]}}],"collection":[{"href":"https:\/\/enblanc.cat\/es\/wp-json\/wp\/v2\/pages"}],"about":[{"href":"https:\/\/enblanc.cat\/es\/wp-json\/wp\/v2\/types\/page"}],"author":[{"embeddable":true,"href":"https:\/\/enblanc.cat\/es\/wp-json\/wp\/v2\/users\/1"}],"replies":[{"embeddable":true,"href":"https:\/\/enblanc.cat\/es\/wp-json\/wp\/v2\/comments?post=705"}],"version-history":[{"count":1,"href":"https:\/\/enblanc.cat\/es\/wp-json\/wp\/v2\/pages\/705\/revisions"}],"predecessor-version":[{"id":1026,"href":"https:\/\/enblanc.cat\/es\/wp-json\/wp\/v2\/pages\/705\/revisions\/1026"}],"wp:attachment":[{"href":"https:\/\/enblanc.cat\/es\/wp-json\/wp\/v2\/media?parent=705"}],"curies":[{"name":"wp","href":"https:\/\/api.w.org\/{rel}","templated":true}]}}